{"id":173,"date":"2023-08-21T11:40:17","date_gmt":"2023-08-21T09:40:17","guid":{"rendered":"https:\/\/a-vet.si\/?page_id=173"},"modified":"2023-08-24T09:09:07","modified_gmt":"2023-08-24T07:09:07","slug":"piskotki","status":"publish","type":"page","link":"https:\/\/a-vet.si\/it\/piskotki\/","title":{"rendered":"Biscotti"},"content":{"rendered":"<h3 class=\"wp-block-heading\">Cosa sono i cookie?<\/h3>\n\n\n\n<p>I cookie sono piccoli file di informazioni che vengono temporaneamente memorizzati sul tuo computer quando visiti un sito web. Quando visiti nuovamente il sito web, usano il browser per \"ricordare\" le tue impostazioni, quindi non devi reinserire username e password (es. login permanente a Facebook oa un forum specifico).<\/p>\n\n\n\n<p><strong>I cookie sono parte integrante dei moderni siti web e non sono di per s\u00e9 dannosi, non contengono virus o altri codici dannosi.<\/strong> Lo scopo principale dei cookie \u00e8 che i server web riconoscano il tuo computer e browser web, personalizzino il sito web e garantiscano facilit\u00e0 e velocit\u00e0.<\/p>\n\n\n\n<p>I cookie ti consentono di visualizzare correttamente le informazioni che stai cercando e che ti interessano. Raccogliendo e ricordando informazioni sulle impostazioni del tuo sito Web utilizzando i cookie, gli operatori del sito Web possono fornire un sito Web migliore.&nbsp;<strong>I cookie non consentono al gestore del sito web di accedere al computer e i dati cos\u00ec raccolti tramite i cookie non includono dati personali.<\/strong><\/p>\n\n\n\n<p>Utilizziamo i&nbsp;<strong>COOKIE DI SESSIONE<\/strong>, per le esigenze del nostro sito web. Questi sono necessari per il funzionamento del sistema di modifica e visualizzazione dei contenuti e garantiscono la corretta ricezione dei messaggi elettronici e dei contenuti del sito web. I cookie vengono cancellati quando l'utente lascia il sito web.<\/p>\n\n\n\n<p><strong>Tipi di cookie<\/strong><\/p>\n\n\n\n<p>L'Ufficio del Garante dell'Informazione distribuisce i cookie principalmente secondo l'invasivit\u00e0:<\/p>\n\n\n\n<ul class=\"wp-block-list\">\n<li>Cookie temporanei o di sessione<\/li>\n\n\n\n<li>Cookie persistenti o memorizzati<\/li>\n\n\n\n<li>Propri cookie<\/li>\n\n\n\n<li>Altri cookie<\/li>\n<\/ul>\n\n\n\n<p>Ogni tipo di cookie \u00e8 trattato in modo diverso nella legislazione e nelle linee guida del Commissario, il che rende difficile per i proprietari di siti web e gli sviluppatori web il rispetto della legge sulle comunicazioni elettroniche (ZEKom-1) e, soprattutto, richiede che vengano affrontate le questioni relative alla privacy per insegnare i cookie&nbsp;<strong>in dettaglio e per rendere i visitatori web consapevoli del loro utilizzo<\/strong>. Nel caso di cookie pi\u00f9 invasivi, invece, devono ottenere il consenso dei visitatori per utilizzarli.<\/p>\n\n\n\n<p><strong>Come gestire i cookie?<\/strong><\/p>\n\n\n\n<p>La maggior parte dei browser Web consente di impostare i cookie. Puoi rifiutare i cookie o accettarli con una funzionalit\u00e0 gi\u00e0 integrata nei browser web.&nbsp;<strong>Se rifiuti i cookie, puoi continuare a utilizzare il nostro sito Web, ma alcune sottopagine potrebbero non funzionare correttamente.<\/strong><\/p>\n\n\n\n<p>Se vuoi sapere come eliminare i cookie nel tuo browser, usa la funzione di aiuto nel tuo browser. In alternativa, puoi visitare&nbsp;<a href=\"http:\/\/www.aboutcookies.org\/\" target=\"_blank\" rel=\"noreferrer noopener\">www.aboutcookies.org<\/a>, che spiega come gestire o eliminare facilmente e facilmente i cookie nella maggior parte dei browser.<\/p>","protected":false},"excerpt":{"rendered":"<p>Kaj so to pi\u0161kotki? Pi\u0161kotki so majhne datoteke z informacijami, ki se za\u010dasno shranijo na va\u0161 ra\u010dunalnik ob obisku spletne strani. Ko spletno stran ponovno obi\u0161\u010dete si brskalnik z njihovo pomo\u010djo \u00bbzapomni\u00ab va\u0161e nastavitve in vam tako ni potrebno ponovno vpisovati va\u0161ega uporabni\u0161kega imena in gesla (npr. stalna prijava na Facebook ali na dolo\u010den forum)&#8230;.<\/p>","protected":false},"author":1,"featured_media":0,"parent":0,"menu_order":0,"comment_status":"closed","ping_status":"closed","template":"","meta":{"_kad_blocks_custom_css":"","_kad_blocks_head_custom_js":"","_kad_blocks_body_custom_js":"","_kad_blocks_footer_custom_js":"","_kadence_starter_templates_imported_post":false,"_kad_post_transparent":"","_kad_post_title":"","_kad_post_layout":"","_kad_post_sidebar_id":"","_kad_post_content_style":"","_kad_post_vertical_padding":"","_kad_post_feature":"","_kad_post_feature_position":"","_kad_post_header":false,"_kad_post_footer":false,"_kad_post_classname":"","footnotes":""},"class_list":["post-173","page","type-page","status-publish","hentry"],"taxonomy_info":[],"featured_image_src_large":false,"author_info":{"display_name":"A-vet.si","author_link":"https:\/\/a-vet.si\/it\/author\/op8r4t8r-w8b-mst8r\/"},"comment_info":"","_links":{"self":[{"href":"https:\/\/a-vet.si\/it\/wp-json\/wp\/v2\/pages\/173","targetHints":{"allow":["GET"]}}],"collection":[{"href":"https:\/\/a-vet.si\/it\/wp-json\/wp\/v2\/pages"}],"about":[{"href":"https:\/\/a-vet.si\/it\/wp-json\/wp\/v2\/types\/page"}],"author":[{"embeddable":true,"href":"https:\/\/a-vet.si\/it\/wp-json\/wp\/v2\/users\/1"}],"replies":[{"embeddable":true,"href":"https:\/\/a-vet.si\/it\/wp-json\/wp\/v2\/comments?post=173"}],"version-history":[{"count":3,"href":"https:\/\/a-vet.si\/it\/wp-json\/wp\/v2\/pages\/173\/revisions"}],"predecessor-version":[{"id":256,"href":"https:\/\/a-vet.si\/it\/wp-json\/wp\/v2\/pages\/173\/revisions\/256"}],"wp:attachment":[{"href":"https:\/\/a-vet.si\/it\/wp-json\/wp\/v2\/media?parent=173"}],"curies":[{"name":"wp","href":"https:\/\/api.w.org\/{rel}","templated":true}]}}