{"id":175,"date":"2023-08-21T11:40:27","date_gmt":"2023-08-21T09:40:27","guid":{"rendered":"https:\/\/a-vet.si\/?page_id=175"},"modified":"2023-08-28T12:58:30","modified_gmt":"2023-08-28T10:58:30","slug":"politika-zasebnosti","status":"publish","type":"page","link":"https:\/\/a-vet.si\/it\/politika-zasebnosti\/","title":{"rendered":"Politica della privacy"},"content":{"rendered":"<p>Il sito web rispetta\u00a0<a href=\"https:\/\/a-vet.si\/it\/\">www.a-vet.si<\/a>\u00a0\u00e8 di propriet\u00e0 di\u00a0<strong>ALPE V<\/strong> <strong>d.o.o.<\/strong>\u00a0Il proprietario del sito web si impegna a rispettare il tuo diritto alla privacy e a rispettare la legge applicabile che disciplina l'area della privacy e della protezione dei dati personali.<\/p>\n\n\n\n<p>Podjetje ALPE V d.o.o. deluje v skladu z Zakonom o varstvu osebnih podatkov (ZVOP-1, Ur. l. RS, \u0161t. 94\/2007) in s Splo\u0161no uredbo EU o varstvu podatkov (Uredba (EU) 2016\/679).<\/p>\n\n\n\n<p><strong>L'informativa sulla privacy si applica al visitatore del sito Web quando visita il sito Web per la prima volta e per tutte le sue visite successive. Utilizzando il sito web, il visitatore conferma di accettare e accettare tutte le disposizioni di questa politica. L'informativa sulla privacy pu\u00f2 essere modificata o integrata in qualsiasi momento senza preavviso o preavviso. Utilizzando il sito Web dopo aver modificato questa politica, l'utente conferma di accettare le modifiche.<\/strong><\/p>\n\n\n\n<p>Podjetje ALPE V d.o.o. se zavezuje, da bo varovalo zaupnost osebnih podatkov in zasebnost obiskovalcev oz. uporabnikov spletne strani ter storilo vse potrebno, da jih za\u0161iti pred kakr\u0161nimikoli kr\u0161itvami ali zlorabami.<\/p>\n\n\n\n<h3 class=\"wp-block-heading\">TRATTAMENTO DEI DATI PERSONALI<\/h3>\n\n\n\n<p>Podjetje ALPE V d.o.o. obdeluje osebne podatke\u00a0<strong>base del consenso personale dell'interessato, sulla base di un contratto concluso o sulla base della legge.<\/strong>.<\/p>\n\n\n\n<p>Ogni visitatore del sito&nbsp;<strong><a href=\"https:\/\/a-vet.si\/it\/\">www.a-vet.si<\/a><\/strong>, che inserisce dati personali sul nostro sito web, fornisce anche il consenso personale attivo al trattamento dei dati personali sulla base di un apposito modulo presentato al momento della prenotazione della data di visita desiderata.<\/p>\n\n\n\n<p><strong><em>Podjetje ALPE V d.o.o .uporabnikih zbira preko spletne strani\u00a0<a href=\"https:\/\/a-vet.si\/it\/\">www.a-vet.si<\/a>\u00a0le seguenti informazioni:<\/em><\/strong><\/p>\n\n\n\n<ul class=\"wp-block-list\">\n<li><strong>Modulo di prenotazione:<\/strong>&nbsp;Nome e cognome, telefono, indirizzo e-mail e data e ora di visita desiderate.<\/li>\n\n\n\n<li><strong>Qualsiasi altra informazione<\/strong>, che l'utente stesso trasmette volontariamente alla societ\u00e0.<\/li>\n<\/ul>\n\n\n\n<p>Cliccando su <strong>\u00bbAccetto le Condizioni Commerciali\u00ab<\/strong>&nbsp;o cliccando su&nbsp;<strong>\u00bbAccetto l'informativa sulla privacy\u00ab<\/strong>&nbsp;il visitatore del sito web conferma di essere stato adeguatamente informato della portata e dello scopo del trattamento dei dati personali prima di inviare il modulo online (vedi paragrafo precedente).<\/p>\n\n\n\n<p>Il proprietario del sito web<strong>&nbsp;elabora gli indirizzi IP<\/strong>, dei dispositivi attraverso i quali gli utenti accedono alla pagina web al fine di prevenire futuri abusi attraverso i moduli di contatto (posta indesiderata).<\/p>\n\n\n\n<p>Il sito Web utilizza i&nbsp;<strong>\u00bbcookie\u00ab<\/strong>&nbsp;(<a href=\"https:\/\/a-vet.si\/it\/piskotki\/\" target=\"_blank\" rel=\"noreferrer noopener\"><strong>maggiori informazioni su questo qui<\/strong><\/a>), ma in questo modo non \u00e8 possibile identificare i visitatori del sito Web, il che significa che non \u00e8 possibile identificare il nome e il cognome degli utenti e altri dati identificativi dell'utente sulla base dei dati cos\u00ec raccolti.<\/p>\n\n\n\n<p><strong>Podjetje ALPE V d.o.o. zbrane podatke uporablja izklju\u010dno za opravljanje storitev in prodajo izdelkov, ki jih ponuja v tak\u0161nem namenu in obsegu s katerim je obiskovalec oz. uporabnik predhodno seznanjen in pou\u010den.<\/strong><\/p>\n\n\n\n<p>Obenem se podjetje ALPE V d.o.o. tudi zavezuje, da ne bo pod nobenim pogojem brez izrecnega dovoljenja posredovala osebnih oz. drugih podatkov tretji osebi oz. ne bo omogo\u010dilo tretji osebi, da vpogleda v osebne podatke obiskovalca spletne strani oz. uporabnika razen v primeru, \u010de bi od podjetja to zahtevala dr\u017eavna oblast, zakon, sodi\u0161\u010de ali drugi dr\u017eavni organi.<\/p>\n\n\n\n<h3 class=\"wp-block-heading\">FINALITA' DEL TRATTAMENTO DEI DATI<\/h3>\n\n\n\n<p><em><strong>Podjetje ALPE V d.o.o.bo zbrane podatke o obiskovalcih (uporabnikih) uporabljalo samo za naslednje namene:<\/strong><\/em><\/p>\n\n\n\n<ul class=\"wp-block-list\">\n<li>Per la trasmissione di fatture e fatture in caso di ordine ricevuto su prodotti o servizi commercializzati attraverso il sito web.<\/li>\n\n\n\n<li>Per tenere traccia dei clienti.<\/li>\n\n\n\n<li>Per la realizzazione o la consegna dei prodotti o servizi richiesti.<\/li>\n\n\n\n<li>Za obve\u0161\u010danje o novostih v ponudbi podjetja ALPE V d.o.o.<\/li>\n\n\n\n<li>Per analisi statistiche e di marketing o sondaggi relativi agli utenti del sito Web al fine di migliorare l'offerta di prodotti e servizi sul sito Web.<\/li>\n<\/ul>\n\n\n\n<h3 class=\"wp-block-heading\">MODULO DI PRENOTAZIONE<\/h3>\n\n\n\n<p>Quando ci contatti via e-mail o utilizzando il modulo di contatto o modulo di richiesta, i dati che ci fornisci (il tuo indirizzo e-mail, il tuo nome e cognome, il tuo numero di telefono e il motivo o il commento per stabilire un contatto), li salviamo in modo da poter rispondere alla tua domanda ed eseguire l'ordine di servizio. La base giuridica \u00e8 il vostro consenso ai sensi dell'articolo 6, primo comma, prima frase, lettera a SUVP. Questi dati vengono utilizzati solo allo scopo di elaborare il caso.<\/p>\n\n\n\n<h3 class=\"wp-block-heading\">ANALISI E STATISTICHE ONLINE<\/h3>\n\n\n\n<p>Utilizziamo vari servizi che utilizzano parzialmente cookie e altre tecnologie per analizzare l'utilizzo del nostro sito Web e ottimizzarlo.&nbsp;<strong>Se non si acconsente all'utilizzo di questi servizi, \u00e8 possibile opporsi a questo trattamento dei dati o impostare la prevenzione della memorizzazione dei cookie nel proprio browser.<\/strong>&nbsp;Per i singoli servizi, \u00e8 possibile specificare come \u00e8 possibile opporsi. Con l'obiezione, i singoli fornitori non elaborano pi\u00f9 i tuoi dati ai fini dell'analisi online.<\/p>\n\n\n\n<p>Questo sito web utilizza Google Analytics, il servizio di analisi online di google inc. (\"Google\"). Google Analytics utilizza i cosiddetti \"cookie\", file di testo che vengono memorizzati sul tuo computer e ti consentono di analizzare il tuo utilizzo del sito web. Di norma, le informazioni generate dai cookie sull'utilizzo di questo sito Web vengono trasferite e memorizzate su un server di Google negli Stati Uniti.<\/p>\n\n\n\n<p>Tuttavia, se attivi l'anonimizzazione ip su questo sito web, Google accorcer\u00e0 il tuo indirizzo IP negli Stati membri dell'Unione Europea o in altri Stati parti dell'Accordo sullo Spazio Economico Europeo. Solo in casi eccezionali l'intero indirizzo IP viene trasferito al server di Google negli Stati Uniti e l\u00ec abbreviato. Sotto l'autorit\u00e0 del gestore di questo sito web, Google utilizzer\u00e0 queste informazioni per analizzare il vostro utilizzo del sito web, per preparare rapporti di attivit\u00e0 sul sito web e per fornire altri servizi al gestore del sito web relativi all'uso di Internet.<\/p>\n\n\n\n<p>L'indirizzo IP fornito dal server in Google Analytics non si fonde con altri dati di Google.<\/p>\n\n\n\n<p>\u00c8 possibile impedire la memorizzazione dei cookie configurando di conseguenza il software del server; Si prega di notare, tuttavia, che in questo caso potrebbe non essere possibile utilizzare appieno tutte le funzionalit\u00e0 di questo sito Web. Inoltre, potete impedire a Google di registrare ed elaborare i dati generati dal cookie relativi al vostro utilizzo del sito web (compreso il vostro indirizzo IP) caricando e installando il plug-in del browser disponibile al seguente link: https:\/\/support.google.com\/analytics\/answer\/181881?hl=sl.<\/p>\n\n\n\n<p>Questa pagina web utilizza Google Analytics con l'estensione \"_anonymizeIp(). Pertanto, gli indirizzi IP abbreviati vengono elaborati di seguito, escludendo cos\u00ec l'identificazione dell'individuo. Pertanto, se le informazioni ottenute su di te fossero possibili, l'individuo verrebbe escluso immediatamente e i dati personali vengono quindi cancellati immediatamente.<\/p>\n\n\n\n<p>Utilizziamo Google Analytics per analizzare l'utilizzo del nostro sito web e migliorarlo regolarmente. Con l'aiuto delle statistiche ottenute possiamo migliorare la nostra offerta e progettarla per essere di interesse per te come utente. In casi eccezionali in cui i dati personali vengono trasmessi negli Stati Uniti, Google \u00e8 soggetta allo scudo UE-USA per la privacy (scudo UE-USA per la privacy)&nbsp;<a href=\"https:\/\/www.privacyshield.gov\/EU-US-Framework\" target=\"_blank\" rel=\"noreferrer noopener\">https:\/\/www.privacyshield.gov\/EU-US-Framework<\/a>. La base giuridica per l'utilizzo di Google Analytics \u00e8 la lettera f della prima frase dell'articolo 6, primo comma, del GDPR.<\/p>\n\n\n\n<p>Informazioni di terze parti: Google Dublin, Google Ireland Ltd., Gordon House, Barrow Street, Dublino 4, Irlanda, fax: +353 (1) 436 1001. Condizioni per l'utente:&nbsp;<a href=\"https:\/\/policies.google.com\/terms?hl=sl&amp;gl=sl\" target=\"_blank\" rel=\"noreferrer noopener\">https:\/\/policies.google.com\/terms?hl=sl&amp;gl=sl<\/a>&nbsp;Revisione della protezione dei dati:&nbsp;<a href=\"http:\/\/www.google.com\/intl\/de\/analytics\/learn\/privacy.html\" target=\"_blank\" rel=\"noreferrer noopener\">http:\/\/www.google.com\/intl\/de\/analytics\/learn\/privacy.html<\/a>&nbsp;e Informativa sulla privacy:&nbsp;<a href=\"https:\/\/policies.google.com\/privacy?hl=sl&amp;gl=sl\" target=\"_blank\" rel=\"noreferrer noopener\">https:\/\/policies.google.com\/privacy?hl=sl&amp;gl=sl<\/a>.<\/p>\n\n\n\n<h3 class=\"wp-block-heading\">TRASMISSIONE DEI DATI<\/h3>\n\n\n\n<p>Podjetje ALPE V d.o.o.\u00a0<strong>non trasmetter\u00e0 i dati raccolti a terzi tranne<\/strong>\u00a0nel caso di ordini di prodotti commercializzati sul sito Web e devono essere inviati per posta. In questo caso, le informazioni riguarderanno solo quelle necessarie per la consegna della merce (numero d'ordine, nome e cognome, numero di contatto e indirizzo di consegna).<\/p>\n\n\n\n<h3 class=\"wp-block-heading\">PROTEZIONE DEI DATI<\/h3>\n\n\n\n<p>Podjetje ALPE V d.o.o. uporablja ustrezna informacijska in organizacijska sredstva za za\u0161\u010dito prenosa in shranjevanja osebnih podatkov ter zagotavlja varovanje v skladu z\u00a0<strong>(ZVOP-1, GU RS, n. 94\/2007) e il regolamento generale sulla protezione dei dati dell'UE (regolamento (UE) 2016\/679)<\/strong>.<\/p>\n\n\n\n<p>Obiskovalec spletne strani oz. uporabnik je seznanjen in sogla\u0161a, da podjetje ALPE V d.o.o. hrani njegove podatke, ki jih je posredoval ob rezerviaciji termina ves \u010das dokler je aktivni uporabnik in \u0161e eno leto po prenehanju tega statusa.<\/p>\n\n\n\n<p>Ostale podatke podjetje ALPE V d.o.o. hrani toliko \u010dasa dokler je to nujno potrebno za dosego namena, za katerega so bili podatki zbrani, nato pa jih trajno izbri\u0161e ali u\u010dinkovito anonimizira, tako da dolo\u010denega podatka ni ve\u010d mogo\u010de povezati z dolo\u010denim uporabnikom.<\/p>\n\n\n\n<p>Osebne podatke, ki jih podjetje ALPE V d.o.o. zbira na podlagi izrecne privolitve posameznika, obdeluje le za namene, opredeljene s privolitvijo in se hranijo do preklica privolitve.<\/p>\n\n\n\n<p>L'utente \u00e8 anche responsabile della protezione dei dati personali garantendo la sicurezza del suo nome utente e password e aggiornando il sistema operativo e i programmi antivirus sul suo computer.<\/p>\n\n\n\n<h3 class=\"wp-block-heading\">DIRITTI DEGLI UTENTI O DEI CLIENTI AI SENSI DEL REGOLAMENTO GENERALE GDPR<\/h3>\n\n\n\n<p>Al fine di garantire un trattamento equo e trasparente, in qualit\u00e0 di utente, ai sensi della normativa, lei ha i seguenti diritti:<\/p>\n\n\n\n<ul class=\"wp-block-list\">\n<li><strong>Diritto di revocare il consenso<\/strong><\/li>\n<\/ul>\n\n\n\n<p>Se hai acconsentito come utente al trattamento dei tuoi dati personali (per una o pi\u00f9 finalit\u00e0 specifiche), hai il diritto di revocare il tuo consenso in qualsiasi momento senza pregiudicare la liceit\u00e0 del trattamento dei dati effettuato per consenso fino alla sua revoca.<\/p>\n\n\n\n<ul class=\"wp-block-list\">\n<li><strong>Diritto di accesso ai dati personali<\/strong><\/li>\n<\/ul>\n\n\n\n<p>Come utente, hai il diritto di far correggere al fornitore dati personali inesatti che ti riguardano senza indebito ritardo. Come utente, tenendo conto delle finalit\u00e0 del trattamento, hai il diritto di integrare i dati incompleti, compresa la presentazione di una dichiarazione integrativa.<\/p>\n\n\n\n<ul class=\"wp-block-list\">\n<li><strong>Diritto di rettifica dei dati personali<\/strong><\/li>\n<\/ul>\n\n\n\n<p>Come utente, hai il diritto di far correggere al fornitore dati personali inesatti che ti riguardano senza indebito ritardo. Come utente, tenendo conto delle finalit\u00e0 del trattamento, hai il diritto di integrare i dati incompleti, compresa la presentazione di una dichiarazione integrativa.<\/p>\n\n\n\n<ul class=\"wp-block-list\">\n<li><strong>Diritto alla cancellazione dei dati personali (\"diritto all'inlivion\")<\/strong><\/li>\n<\/ul>\n\n\n\n<p>Come utente, hai il diritto di far cancellare i tuoi dati personali quando non c'\u00e8 pi\u00f9 un motivo legittimo per un ulteriore trattamento.<\/p>\n\n\n\n<p><em>La prevenzione del trattamento \u00e8 possibile in circostanze speciali:<\/em><\/p>\n\n\n\n<ul class=\"wp-block-list\">\n<li><em>quando il trattamento non \u00e8 pi\u00f9 necessario in relazione allo scopo della raccolta e del trattamento;<\/em><\/li>\n\n\n\n<li><em>quando l'utente revoca il consenso al trattamento;<\/em><\/li>\n\n\n\n<li><em>quando l'utente si oppone al trattamento e non sussistono motivi legittimi prevalenti;<\/em><\/li>\n\n\n\n<li><em>se il trattamento \u00e8 stato illecito;<\/em><\/li>\n\n\n\n<li><em>quando la cancellazione \u00e8 necessaria per adempiere agli obblighi di legge (diritto dell'UE o degli Stati membri);<\/em><\/li>\n\n\n\n<li><em>il trattamento \u00e8 legato alla fornitura di servizi della societ\u00e0 dell'informazione al minore.<\/em><\/li>\n<\/ul>\n\n\n\n<ul class=\"wp-block-list\">\n<li><strong>Diritto di limitare il trattamento<\/strong><\/li>\n<\/ul>\n\n\n\n<p>Come utente, hai il diritto di limitare l'elaborazione da parte del provider quando c'\u00e8 un caso:<\/p>\n\n\n\n<ul class=\"wp-block-list\">\n<li><em>se, in qualit\u00e0 di utente, contesti l'accuratezza dei dati personali;<\/em><\/li>\n\n\n\n<li><em>quando il trattamento \u00e8 illegale e come utente ti opponi alla cancellazione e richiedi una limitazione d'uso;<\/em><\/li>\n\n\n\n<li><em>quando i dati non sono pi\u00f9 necessari ai fini del trattamento e come utente ne hai bisogno per far valere i diritti legali.<\/em><\/li>\n<\/ul>\n\n\n\n<ul class=\"wp-block-list\">\n<li><strong>Diritto alla portabilit\u00e0 dei dati<\/strong><\/li>\n<\/ul>\n\n\n\n<p>Come utente, hai il diritto di ricevere informazioni personali che ti riguardano che hai fornito al fornitore in un formato strutturato, ampiamente utilizzato e leggibile da una macchina.<\/p>\n\n\n\n<ul class=\"wp-block-list\">\n<li><strong>Diritto di opporsi al trattamento<\/strong><\/li>\n<\/ul>\n\n\n\n<p>In qualit\u00e0 di utente, puoi opporti al trattamento in caso di trattamento allo scopo di svolgere compiti di interesse pubblico o nell'esercizio di pubblici poteri e marketing diretto (compresa la profilazione).<\/p>\n\n\n\n<ul class=\"wp-block-list\">\n<li><strong>Diritto di proporre reclamo a un'autorit\u00e0 di controllo<\/strong><\/li>\n<\/ul>\n\n\n\n<p>In qualit\u00e0 di utente, hai il diritto di presentare un reclamo all'autorit\u00e0 di controllo, in particolare nel paese in cui risiedi abitualmente, dove si trova il tuo luogo di lavoro o dove si presume che si sia verificata la violazione (in Slovenia,&nbsp;<strong><a href=\"https:\/\/www.ip-rs.si\/\" target=\"_blank\" rel=\"noreferrer noopener\">l'Information Commissioner<\/a><\/strong>) se ritieni che il trattamento dei dati personali in relazione a te violi le norme sulla protezione dei dati personali.<\/p>\n\n\n\n<p>Kot uporabnik lahko vse zahteve, ki se ti\u010dejo uveljavljanja pravic v zvezi z osebnimi podatki, naslovi, v pisni obliki, naslovite na upravljavca, podjetje ALPE V d.o.o., kar lahko storite tako, da nas kontaktirate preko\u00a0<strong><a href=\"mailto:info@a-vet.si\">info@a-vet.si<\/a><\/strong>.<\/p>\n\n\n\n<h3 class=\"wp-block-heading\">COLLEGAMENTI AD ALTRE PAGINE WEB<\/h3>\n\n\n\n<p>Il sito web rispetta\u00a0<a href=\"https:\/\/a-vet.si\/it\/\">www.a-vet.si<\/a>\u00a0vsebuje tudi povezave do spletnih strani, s katerimi ne upravlja podjetje ALPE V d.o.o. Te povezave so name\u0161\u010dene kot dodatna storitev na spletni strani\u00a0<a href=\"https:\/\/a-vet.si\/it\/\">www.a-vet.si<\/a>\u00a0in podjetje ALPE V d.o.o. ni odgovorno z njihovo vsebino, varnost ali njihov na\u010din za\u0161\u010dite zasebnosti. Priporo\u010damo, da v tem primeru obiskovalec pregleda na\u010din varovanja zasebnosti, ki je objavljen na straneh, ki jih obi\u0161\u010de.<\/p>\n\n\n\n<h3 class=\"wp-block-heading\">LIMITAZIONE DI RESPONSABILIT\u00c0<\/h3>\n\n\n\n<p>Podjetje ALPE V d.o.o. ne odgovarja za \u0161kodo, ki bi uporabniku nastala, ker je slednji ponudniku pri prijavi na e-novice, pri povpra\u0161evanju ali pri nakupu izdelkov oz. storitev posredoval napa\u010dne, nepopolne ali nea\u017eurne podatke.<\/p>\n\n\n\n<h3 class=\"wp-block-heading\">MODIFICHE ALL'INFORMATIVA SULLA PRIVACY<\/h3>\n\n\n\n<p>Lo stato dell'informativa sulla privacy \u00e8 indicato dall'indicazione della data (sotto). Ci riserviamo il diritto di modificare la presente Informativa sulla privacy in qualsiasi momento con effetto a termine. La versione attuale \u00e8 disponibile sul nostro sito web. Si prega di visitare regolarmente il nostro sito Web per scoprire un'informativa sulla privacy valida.<\/p>\n\n\n\n<p>Stato della presente Informativa sulla privacy:&nbsp;<strong>1. 8. 2023<\/strong><\/p>\n\n\n\n<h3 class=\"wp-block-heading\">SPIEGAZIONI AGGIUNTIVE<\/h3>\n\n\n\n<p>Puoi anche farci sapere eventuali domande, dilemmi o commenti sulla nostra politica sulla privacy&nbsp;<a href=\"mailto:info@a-vet.si\"><strong>info@a-vet.si<\/strong><\/a>.<\/p>","protected":false},"excerpt":{"rendered":"<p>Spletna stran\u00a0www.a-vet.si\u00a0je v lasti podjetja\u00a0ALPE V d.o.o.\u00a0Lastnik spletne strani se zavezuje k spo\u0161tovanju va\u0161e pravice do zasebnosti in spo\u0161tovanju veljavne zakonodaje, ki ureja podro\u010dje zasebnosti in varstva osebnih podatkov. Podjetje ALPE V d.o.o. deluje v skladu z Zakonom o varstvu osebnih podatkov (ZVOP-1, Ur. l. RS, \u0161t. 94\/2007) in s Splo\u0161no uredbo EU o varstvu&#8230;<\/p>","protected":false},"author":1,"featured_media":0,"parent":0,"menu_order":0,"comment_status":"closed","ping_status":"closed","template":"","meta":{"_kad_blocks_custom_css":"","_kad_blocks_head_custom_js":"","_kad_blocks_body_custom_js":"","_kad_blocks_footer_custom_js":"","_kadence_starter_templates_imported_post":false,"_kad_post_transparent":"","_kad_post_title":"","_kad_post_layout":"","_kad_post_sidebar_id":"","_kad_post_content_style":"","_kad_post_vertical_padding":"","_kad_post_feature":"","_kad_post_feature_position":"","_kad_post_header":false,"_kad_post_footer":false,"_kad_post_classname":"","footnotes":""},"class_list":["post-175","page","type-page","status-publish","hentry"],"taxonomy_info":[],"featured_image_src_large":false,"author_info":{"display_name":"A-vet.si","author_link":"https:\/\/a-vet.si\/it\/author\/op8r4t8r-w8b-mst8r\/"},"comment_info":"","_links":{"self":[{"href":"https:\/\/a-vet.si\/it\/wp-json\/wp\/v2\/pages\/175","targetHints":{"allow":["GET"]}}],"collection":[{"href":"https:\/\/a-vet.si\/it\/wp-json\/wp\/v2\/pages"}],"about":[{"href":"https:\/\/a-vet.si\/it\/wp-json\/wp\/v2\/types\/page"}],"author":[{"embeddable":true,"href":"https:\/\/a-vet.si\/it\/wp-json\/wp\/v2\/users\/1"}],"replies":[{"embeddable":true,"href":"https:\/\/a-vet.si\/it\/wp-json\/wp\/v2\/comments?post=175"}],"version-history":[{"count":10,"href":"https:\/\/a-vet.si\/it\/wp-json\/wp\/v2\/pages\/175\/revisions"}],"predecessor-version":[{"id":304,"href":"https:\/\/a-vet.si\/it\/wp-json\/wp\/v2\/pages\/175\/revisions\/304"}],"wp:attachment":[{"href":"https:\/\/a-vet.si\/it\/wp-json\/wp\/v2\/media?parent=175"}],"curies":[{"name":"wp","href":"https:\/\/api.w.org\/{rel}","templated":true}]}}